{"id":17,"date":"2023-11-29T16:23:16","date_gmt":"2023-11-29T16:23:16","guid":{"rendered":"https:\/\/datastory.agh.edu.pl\/?page_id=17"},"modified":"2023-11-29T16:23:16","modified_gmt":"2023-11-29T16:23:16","slug":"sekcja-strony-glownej","status":"publish","type":"page","link":"https:\/\/datastory.agh.edu.pl\/index.php\/sekcja-strony-glownej\/","title":{"rendered":"Sekcja strony g\u0142\u00f3wnej"},"content":{"rendered":"\n<p>To jest przyk\u0142ad sekcji strony g\u0142\u00f3wnej. Sekcja ta mo\u017ce by\u0107 na dowolnej stronie opr\u00f3cz strony g\u0142\u00f3wnej, w\u0142\u0105czaj\u0105c to stron\u0119 prezentuj\u0105c\u0105 ostatnie wpisy.<\/p>\n","protected":false},"excerpt":{"rendered":"<p>To jest przyk\u0142ad sekcji strony g\u0142\u00f3wnej. Sekcja ta mo\u017ce by\u0107 na dowolnej stronie opr\u00f3cz strony g\u0142\u00f3wnej, w\u0142\u0105czaj\u0105c to stron\u0119 prezentuj\u0105c\u0105 ostatnie wpisy.<\/p>\n","protected":false},"author":1,"featured_media":0,"parent":0,"menu_order":0,"comment_status":"closed","ping_status":"closed","template":"","meta":{"_acf_changed":false,"inline_featured_image":false,"footnotes":""},"class_list":["post-17","page","type-page","status-publish","hentry"],"acf":[],"_links":{"self":[{"href":"https:\/\/datastory.agh.edu.pl\/index.php\/wp-json\/wp\/v2\/pages\/17","targetHints":{"allow":["GET"]}}],"collection":[{"href":"https:\/\/datastory.agh.edu.pl\/index.php\/wp-json\/wp\/v2\/pages"}],"about":[{"href":"https:\/\/datastory.agh.edu.pl\/index.php\/wp-json\/wp\/v2\/types\/page"}],"author":[{"embeddable":true,"href":"https:\/\/datastory.agh.edu.pl\/index.php\/wp-json\/wp\/v2\/users\/1"}],"replies":[{"embeddable":true,"href":"https:\/\/datastory.agh.edu.pl\/index.php\/wp-json\/wp\/v2\/comments?post=17"}],"version-history":[{"count":1,"href":"https:\/\/datastory.agh.edu.pl\/index.php\/wp-json\/wp\/v2\/pages\/17\/revisions"}],"predecessor-version":[{"id":27,"href":"https:\/\/datastory.agh.edu.pl\/index.php\/wp-json\/wp\/v2\/pages\/17\/revisions\/27"}],"wp:attachment":[{"href":"https:\/\/datastory.agh.edu.pl\/index.php\/wp-json\/wp\/v2\/media?parent=17"}],"curies":[{"name":"wp","href":"https:\/\/api.w.org\/{rel}","templated":true}]}}