{"id":3224,"date":"2020-09-19T10:38:26","date_gmt":"2020-09-19T10:38:26","guid":{"rendered":"http:\/\/koncpt.peacefulqode.com\/?page_id=3224"},"modified":"2020-09-19T10:38:26","modified_gmt":"2020-09-19T10:38:26","slug":"one-column-blog","status":"publish","type":"page","link":"https:\/\/datastory.agh.edu.pl\/index.php\/one-column-blog\/","title":{"rendered":"One Column Blog"},"content":{"rendered":"\t\t<div data-elementor-type=\"wp-page\" data-elementor-id=\"3224\" class=\"elementor elementor-3224\" data-elementor-post-type=\"page\">\n\t\t\t\t\t\t<div class=\"elementor-section elementor-top-section elementor-element elementor-element-26f57476 elementor-section-boxed elementor-section-height-default elementor-section-height-default\" data-id=\"26f57476\" data-element_type=\"section\">\n\t\t\t\t\t\t<div class=\"elementor-container elementor-column-gap-default\">\n\t\t\t\t\t<div class=\"elementor-column elementor-col-66 elementor-top-column elementor-element elementor-element-5d74fd4\" data-id=\"5d74fd4\" data-element_type=\"column\">\n\t\t\t<div class=\"elementor-widget-wrap\">\n\t\t\t\t\t\t\t<\/div>\n\t\t<\/div>\n\t\t\t\t<div class=\"elementor-column elementor-col-33 elementor-top-column elementor-element elementor-element-6a3a34d2\" data-id=\"6a3a34d2\" data-element_type=\"column\">\n\t\t\t<div class=\"elementor-widget-wrap elementor-element-populated\">\n\t\t\t\t\t\t<div class=\"elementor-element elementor-element-79a9f1f9 elementor-widget elementor-widget-sidebar\" data-id=\"79a9f1f9\" data-element_type=\"widget\" data-widget_type=\"sidebar.default\">\n\t\t\t\t<div class=\"elementor-widget-container\">\n\t\t\t\t\t<div id=\"text-6\" class=\"widget widget_text\"><h2 class=\"widget-title\">Znajd\u017a nas<\/h2>\t\t\t<div class=\"textwidget\"><p><strong>Adres<\/strong><br \/>\nul. Marsza\u0142kowska 1<br \/>\nWarszawa, 00-500<\/p>\n<p><strong>Godziny<\/strong><br \/>\nPoniedzia\u0142ek&mdash;pi\u0105tek: 9:00&ndash;17:00<br \/>\nSobota &amp; Niedziela: 11:00&ndash;15:00<\/p>\n<\/div>\n\t\t<\/div><div id=\"search-2\" class=\"widget widget_search\"><h2 class=\"widget-title\">Szukaj<\/h2>\r\n<form role=\"search\" method=\"get\" class=\"search-form\" action=\"https:\/\/datastory.agh.edu.pl\/\">\r\n\t<label>\r\n\t\t<span class=\"screen-reader-text\">Search for:<\/span>\r\n\t\t<input type=\"search\" class=\"search-field\" placeholder=\"Search &hellip;\" value=\"\" name=\"s\" \/>\r\n\t<\/label>\r\n\t<button type=\"submit\" class=\"search-submit\"><span class=\"screen-reader-text\">Search<\/span><\/button>\r\n<\/form>\r\n<\/div><div id=\"block-10\" class=\"widget widget_block\">\n<div class=\"wp-block-themepunch-revslider revslider\" data-modal=\"false\" data-slidertitle=\"Data Analysis9\" style=\"\">\n\t\t\t<!-- START Data Analysis9 REVOLUTION SLIDER 6.6.18 --><p class=\"rs-p-wp-fix\"><\/p>\n\t\t\t<rs-module-wrap id=\"rev_slider_60_1_wrapper\" data-source=\"gallery\" style=\"visibility:hidden;background:transparent;padding:0;margin:0px auto;margin-top:0;margin-bottom:0;\">\n\t\t\t\t<rs-module id=\"rev_slider_60_1\" style=\"\" data-version=\"6.6.18\">\n\t\t\t\t\t<rs-slides style=\"overflow: hidden; position: absolute;\">\n\t\t\t\t\t\t<rs-slide style=\"position: absolute;\" data-key=\"rs-60\" data-title=\"Slide\" data-anim=\"ms:600;r:0;\" data-in=\"o:0;\" data-out=\"a:false;\">\n\t\t\t\t\t\t\t<img decoding=\"async\" src=\"\/\/datastory.agh.edu.pl\/wp-content\/plugins\/revslider\/public\/assets\/assets\/dummy.png\" alt=\"Slide\" title=\"One Column Blog\" class=\"rev-slidebg tp-rs-img rs-lazyload\" data-lazyload=\"\/\/datastory.agh.edu.pl\/wp-content\/plugins\/revslider\/public\/assets\/assets\/transparent.png\" data-bg=\"c:#ffffff;\" data-parallax=\"off\" data-no-retina>\n<!--\n\t\t\t\t\t\t\t--><rs-layer\n\t\t\t\t\t\t\t\tid=\"slider-60-slide-60-layer-5\" \n\t\t\t\t\t\t\t\tdata-type=\"image\"\n\t\t\t\t\t\t\t\tdata-rsp_ch=\"on\"\n\t\t\t\t\t\t\t\tdata-xy=\"x:c;xo:-510px,-401px,-304px,-187px;y:m;\"\n\t\t\t\t\t\t\t\tdata-text=\"w:normal;s:20,15,11,6;l:0,19,14,8;\"\n\t\t\t\t\t\t\t\tdata-dim=\"w:1620px,1276px,969px,597px;h:1080px,850px,645px,397px;\"\n\t\t\t\t\t\t\t\tdata-btrans=\"o:0.1;\"\n\t\t\t\t\t\t\t\tdata-border=\"bor:0,0,0px,0;\"\n\t\t\t\t\t\t\t\tdata-frame_1=\"e:power4.inOut;sp:600;\"\n\t\t\t\t\t\t\t\tdata-frame_999=\"o:0;st:w;sR:8700;\"\n\t\t\t\t\t\t\t\tstyle=\"z-index:9;\"\n\t\t\t\t\t\t\t><img fetchpriority=\"high\" decoding=\"async\" fetchpriority=\"high\" src=\"\/\/datastory.agh.edu.pl\/wp-content\/plugins\/revslider\/public\/assets\/assets\/dummy.png\" alt=\"2\" class=\"tp-rs-img rs-lazyload\" width=\"432\" height=\"288\" data-lazyload=\"\/\/media30.pl\/agh-lukasz\/wp-content\/uploads\/2020\/10\/Group-4.svg\" data-no-retina> \n\t\t\t\t\t\t\t<\/rs-layer><!--\n\n\t\t\t\t\t\t\t--><a\n\t\t\t\t\t\t\t\tid=\"slider-60-slide-60-layer-6\" \n\t\t\t\t\t\t\t\tclass=\"rs-layer rev-btn\"\n\t\t\t\t\t\t\t\thref=\"http:\/\/koncpt.peacefulqode.com\/contact-us\/\" target=\"_self\" rel=\"nofollow\"\n\t\t\t\t\t\t\t\tdata-type=\"button\"\n\t\t\t\t\t\t\t\tdata-rsp_ch=\"on\"\n\t\t\t\t\t\t\t\tdata-xy=\"x:l,l,c,c;xo:160px,165px,70px,53px;y:m;yo:140px,120px,-80px,-49px;\"\n\t\t\t\t\t\t\t\tdata-text=\"w:normal;s:16,16,16,14;l:32,32,32,30;\"\n\t\t\t\t\t\t\t\tdata-dim=\"minh:0px,none,none,none;\"\n\t\t\t\t\t\t\t\tdata-padding=\"t:10,8,6,3;r:30,24,18,15;b:10,8,6,3;l:30,24,18,15;\"\n\t\t\t\t\t\t\t\tdata-border=\"bor:5px,5px,5px,5px;\"\n\t\t\t\t\t\t\t\tdata-frame_0=\"x:50,39,29,17;\"\n\t\t\t\t\t\t\t\tdata-frame_1=\"st:600;sp:1000;\"\n\t\t\t\t\t\t\t\tdata-frame_999=\"o:0;st:w;sR:8700;\"\n\t\t\t\t\t\t\t\tdata-frame_hover=\"bgc:#5279f7;bor:5px,5px,5px,5px;bri:120%;\"\n\t\t\t\t\t\t\t\tstyle=\"z-index:15;background-color:#202b4c;font-family:'Nunito';\"\n\t\t\t\t\t\t\t>Contact Us \n\t\t\t\t\t\t\t<\/a><!--\n\n\t\t\t\t\t\t\t--><rs-layer\n\t\t\t\t\t\t\t\tid=\"slider-60-slide-60-layer-7\" \n\t\t\t\t\t\t\t\tdata-type=\"image\"\n\t\t\t\t\t\t\t\tdata-rsp_ch=\"on\"\n\t\t\t\t\t\t\t\tdata-xy=\"x:c;xo:1000px,787px,597px,368px;y:m;\"\n\t\t\t\t\t\t\t\tdata-text=\"w:normal;s:20,15,11,6;l:0,19,14,8;\"\n\t\t\t\t\t\t\t\tdata-dim=\"w:1620px,1276px,969px,597px;h:1080px,850px,645px,397px;\"\n\t\t\t\t\t\t\t\tdata-btrans=\"o:0.2;\"\n\t\t\t\t\t\t\t\tdata-frame_1=\"e:power4.inOut;sp:600;\"\n\t\t\t\t\t\t\t\tdata-frame_999=\"o:0;st:w;sR:8700;\"\n\t\t\t\t\t\t\t\tstyle=\"z-index:8;\"\n\t\t\t\t\t\t\t><img fetchpriority=\"high\" decoding=\"async\" fetchpriority=\"high\" src=\"\/\/datastory.agh.edu.pl\/wp-content\/plugins\/revslider\/public\/assets\/assets\/dummy.png\" alt=\"2\" class=\"tp-rs-img rs-lazyload\" width=\"432\" height=\"288\" data-lazyload=\"\/\/media30.pl\/agh-lukasz\/wp-content\/uploads\/2020\/10\/Group-4.svg\" data-no-retina> \n\t\t\t\t\t\t\t<\/rs-layer><!--\n\n\t\t\t\t\t\t\t--><rs-layer\n\t\t\t\t\t\t\t\tid=\"slider-60-slide-60-layer-14\" \n\t\t\t\t\t\t\t\tclass=\"rs-pxl-1\"\n\t\t\t\t\t\t\t\tdata-type=\"image\"\n\t\t\t\t\t\t\t\tdata-rsp_ch=\"on\"\n\t\t\t\t\t\t\t\tdata-xy=\"x:r;xo:-90px,-100px,170px,104px;y:m,m,b,b;yo:-40px,-31px,30px,18px;\"\n\t\t\t\t\t\t\t\tdata-text=\"w:normal;s:20,15,11,6;l:0,19,14,8;\"\n\t\t\t\t\t\t\t\tdata-dim=\"w:396px,311px,236px,145px;h:465px,366px,278px,171px;\"\n\t\t\t\t\t\t\t\tdata-frame_0=\"sX:0.9;sY:0.9;\"\n\t\t\t\t\t\t\t\tdata-frame_1=\"st:1200;sp:1000;sR:600;\"\n\t\t\t\t\t\t\t\tdata-frame_999=\"o:0;st:w;sR:7400;\"\n\t\t\t\t\t\t\t\tstyle=\"z-index:10;\"\n\t\t\t\t\t\t\t><img loading=\"lazy\" decoding=\"async\" src=\"\/\/datastory.agh.edu.pl\/wp-content\/plugins\/revslider\/public\/assets\/assets\/dummy.png\" alt=\"n\" class=\"tp-rs-img rs-lazyload\" width=\"177\" height=\"208\" data-lazyload=\"\/\/media30.pl\/agh-lukasz\/wp-content\/uploads\/2020\/10\/Component-1-\u2013-1.svg\" data-no-retina> \n\t\t\t\t\t\t\t<\/rs-layer><!--\n\n\t\t\t\t\t\t\t--><rs-layer\n\t\t\t\t\t\t\t\tid=\"slider-60-slide-60-layer-16\" \n\t\t\t\t\t\t\t\tclass=\"rs-pxl-5\"\n\t\t\t\t\t\t\t\tdata-type=\"image\"\n\t\t\t\t\t\t\t\tdata-rsp_ch=\"on\"\n\t\t\t\t\t\t\t\tdata-xy=\"x:r,r,c,c;xo:70px,35px,-40px,-24px;y:m,m,b,b;yo:30px,23px,20px,0;\"\n\t\t\t\t\t\t\t\tdata-text=\"w:normal;s:20,15,11,6;l:0,19,14,8;\"\n\t\t\t\t\t\t\t\tdata-dim=\"w:518px,408px,309px,190px;h:496px,390px,296px,182px;\"\n\t\t\t\t\t\t\t\tdata-frame_0=\"sX:0.9;sY:0.9;\"\n\t\t\t\t\t\t\t\tdata-frame_1=\"st:1800;sp:1000;sR:1200;\"\n\t\t\t\t\t\t\t\tdata-frame_999=\"o:0;st:w;sR:6800;\"\n\t\t\t\t\t\t\t\tstyle=\"z-index:11;\"\n\t\t\t\t\t\t\t><img loading=\"lazy\" decoding=\"async\" src=\"\/\/datastory.agh.edu.pl\/wp-content\/plugins\/revslider\/public\/assets\/assets\/dummy.png\" alt=\"1\" class=\"tp-rs-img rs-lazyload\" width=\"238\" height=\"228\" data-lazyload=\"\/\/media30.pl\/agh-lukasz\/wp-content\/uploads\/2020\/10\/Ellipse_1-2.svg\" data-no-retina> \n\t\t\t\t\t\t\t<\/rs-layer><!--\n\n\t\t\t\t\t\t\t--><rs-layer\n\t\t\t\t\t\t\t\tid=\"slider-60-slide-60-layer-17\" \n\t\t\t\t\t\t\t\tdata-type=\"text\"\n\t\t\t\t\t\t\t\tdata-color=\"#202b4c\"\n\t\t\t\t\t\t\t\tdata-rsp_ch=\"on\"\n\t\t\t\t\t\t\t\tdata-xy=\"x:l,l,c,c;xo:0,30px,0,0;y:m,m,t,t;yo:-60px,-57px,60px,30px;\"\n\t\t\t\t\t\t\t\tdata-text=\"w:normal;s:62,52,39,24;l:70,60,45,30;fw:800;a:left,left,center,center;\"\n\t\t\t\t\t\t\t\tdata-frame_0=\"x:50,39,29,17;\"\n\t\t\t\t\t\t\t\tdata-frame_1=\"st:600;sp:1000;\"\n\t\t\t\t\t\t\t\tdata-frame_999=\"o:0;st:w;sR:8400;\"\n\t\t\t\t\t\t\t\tstyle=\"z-index:12;font-family:'Nunito';\"\n\t\t\t\t\t\t\t>Introducing koncpt<br \/>\nCustomer Data Platform \n\t\t\t\t\t\t\t<\/rs-layer><!--\n\n\t\t\t\t\t\t\t--><rs-layer\n\t\t\t\t\t\t\t\tid=\"slider-60-slide-60-layer-18\" \n\t\t\t\t\t\t\t\tdata-type=\"text\"\n\t\t\t\t\t\t\t\tdata-color=\"#666666\"\n\t\t\t\t\t\t\t\tdata-rsp_ch=\"on\"\n\t\t\t\t\t\t\t\tdata-xy=\"xo:0,30px,22px,13px;y:m;yo:50px,39px,29px,17px;\"\n\t\t\t\t\t\t\t\tdata-text=\"w:normal;s:16,16,0,4;l:32,32,24,14;\"\n\t\t\t\t\t\t\t\tdata-dim=\"minh:0px,none,none,none;\"\n\t\t\t\t\t\t\t\tdata-vbility=\"t,t,f,f\"\n\t\t\t\t\t\t\t\tdata-frame_0=\"x:50,39,29,17;\"\n\t\t\t\t\t\t\t\tdata-frame_1=\"st:600;sp:1000;\"\n\t\t\t\t\t\t\t\tdata-frame_999=\"o:0;st:w;sR:8700;\"\n\t\t\t\t\t\t\t\tstyle=\"z-index:13;font-family:'Nunito';\"\n\t\t\t\t\t\t\t>There are many variations of passages of Lorem Ipsum available but majority have suffered<br \/>\nalteration in some There are many variations of passages. \n\t\t\t\t\t\t\t<\/rs-layer><!--\n\n\t\t\t\t\t\t\t--><a\n\t\t\t\t\t\t\t\tid=\"slider-60-slide-60-layer-19\" \n\t\t\t\t\t\t\t\tclass=\"rs-layer rev-btn\"\n\t\t\t\t\t\t\t\thref=\"http:\/\/koncpt.peacefulqode.com\/about-us\/\" target=\"_self\" rel=\"nofollow\"\n\t\t\t\t\t\t\t\tdata-type=\"button\"\n\t\t\t\t\t\t\t\tdata-rsp_ch=\"on\"\n\t\t\t\t\t\t\t\tdata-xy=\"x:l,l,c,c;xo:0,30px,-70px,-53px;y:m;yo:140px,120px,-80px,-49px;\"\n\t\t\t\t\t\t\t\tdata-text=\"w:normal;s:16,16,16,14;l:32,32,32,30;\"\n\t\t\t\t\t\t\t\tdata-dim=\"minh:0px,none,none,none;\"\n\t\t\t\t\t\t\t\tdata-padding=\"t:10,8,6,3;r:30,24,18,15;b:10,8,6,3;l:30,24,18,15;\"\n\t\t\t\t\t\t\t\tdata-border=\"bor:5px,5px,5px,5px;\"\n\t\t\t\t\t\t\t\tdata-frame_0=\"x:50,39,29,17;\"\n\t\t\t\t\t\t\t\tdata-frame_1=\"st:600;sp:1000;\"\n\t\t\t\t\t\t\t\tdata-frame_999=\"o:0;st:w;sR:8700;\"\n\t\t\t\t\t\t\t\tdata-frame_hover=\"bgc:#202b4c;bor:5px,5px,5px,5px;bri:120%;\"\n\t\t\t\t\t\t\t\tstyle=\"z-index:14;background-color:#5279f7;font-family:'Nunito';\"\n\t\t\t\t\t\t\t>Read more \n\t\t\t\t\t\t\t<\/a><!--\n-->\t\t\t\t\t\t<\/rs-slide>\n\t\t\t\t\t<\/rs-slides>\n\t\t\t\t<\/rs-module>\n\t\t\t\t<script>\n\t\t\t\t\tsetREVStartSize({c: 'rev_slider_60_1',rl:[1240,1024,778,480],el:[700,600,557,344],gw:[1300,1024,778,480],gh:[900,709,557,344],type:'standard',justify:'',layout:'fullwidth',mh:\"0\"});if (window.RS_MODULES!==undefined && window.RS_MODULES.modules!==undefined && window.RS_MODULES.modules[\"revslider601\"]!==undefined) {window.RS_MODULES.modules[\"revslider601\"].once = false;window.revapi60 = undefined;if (window.RS_MODULES.checkMinimal!==undefined) window.RS_MODULES.checkMinimal()}\n\t\t\t\t<\/script>\n\t\t\t<\/rs-module-wrap>\n\t\t\t<!-- END REVOLUTION SLIDER -->\n<\/div>\n<\/div><div id=\"text-7\" class=\"widget widget_text\"><h2 class=\"widget-title\">O witrynie<\/h2>\t\t\t<div class=\"textwidget\"><p>Mo\u017ce to by\u0107 dobre miejsce, aby przedstawi\u0107 siebie i swoj\u0105 witryn\u0119 lub wymieni\u0107 zaanga\u017cowane osoby.<\/p>\n<\/div>\n\t\t<\/div><div id=\"text-8\" class=\"widget widget_text\"><h2 class=\"widget-title\">Znajd\u017a nas<\/h2>\t\t\t<div class=\"textwidget\"><p><strong>Adres<\/strong><br \/>\nul. Marsza\u0142kowska 1<br \/>\nWarszawa, 00-500<\/p>\n<p><strong>Godziny<\/strong><br \/>\nPoniedzia\u0142ek&mdash;pi\u0105tek: 9:00&ndash;17:00<br \/>\nSobota &amp; Niedziela: 11:00&ndash;15:00<\/p>\n<\/div>\n\t\t<\/div><div id=\"search-4\" class=\"widget widget_search\">\r\n<form role=\"search\" method=\"get\" class=\"search-form\" action=\"https:\/\/datastory.agh.edu.pl\/\">\r\n\t<label>\r\n\t\t<span class=\"screen-reader-text\">Search for:<\/span>\r\n\t\t<input type=\"search\" class=\"search-field\" placeholder=\"Search &hellip;\" value=\"\" name=\"s\" \/>\r\n\t<\/label>\r\n\t<button type=\"submit\" class=\"search-submit\"><span class=\"screen-reader-text\">Search<\/span><\/button>\r\n<\/form>\r\n<\/div><div id=\"categories-2\" class=\"widget widget_categories\"><h2 class=\"widget-title\">categories<\/h2>\n\t\t\t<ul>\n\t\t\t\t\t<li class=\"cat-item cat-item-7\"><a href=\"https:\/\/datastory.agh.edu.pl\/index.php\/category\/agi\/\">AGI<\/a>\n<\/li>\n\t<li class=\"cat-item cat-item-8\"><a href=\"https:\/\/datastory.agh.edu.pl\/index.php\/category\/ani\/\">ANI<\/a>\n<\/li>\n\t<li class=\"cat-item cat-item-9\"><a href=\"https:\/\/datastory.agh.edu.pl\/index.php\/category\/asi\/\">ASI<\/a>\n<\/li>\n\t<li class=\"cat-item cat-item-10\"><a href=\"https:\/\/datastory.agh.edu.pl\/index.php\/category\/chatbots\/\">Chatbots\u200e<\/a>\n<\/li>\n\t<li class=\"cat-item cat-item-11\"><a href=\"https:\/\/datastory.agh.edu.pl\/index.php\/category\/cloud-robotics\/\">Cloud robotics\u200e<\/a>\n<\/li>\n\t<li class=\"cat-item cat-item-12\"><a href=\"https:\/\/datastory.agh.edu.pl\/index.php\/category\/data-science\/\">Data science<\/a>\n<\/li>\n\t\t\t<\/ul>\n\n\t\t\t<\/div><div id=\"tag_cloud-1\" class=\"widget widget_tag_cloud\"><h2 class=\"widget-title\">Tagi<\/h2><div class=\"tagcloud\"><a href=\"https:\/\/datastory.agh.edu.pl\/index.php\/tag\/ai\/\" class=\"tag-cloud-link tag-link-13 tag-link-position-1\" style=\"font-size: 22pt;\" aria-label=\"AI (2 elementy)\">AI<\/a>\n<a href=\"https:\/\/datastory.agh.edu.pl\/index.php\/tag\/automate\/\" class=\"tag-cloud-link tag-link-14 tag-link-position-2\" style=\"font-size: 8pt;\" aria-label=\"Automate (1 element)\">Automate<\/a>\n<a href=\"https:\/\/datastory.agh.edu.pl\/index.php\/tag\/dual-arm\/\" class=\"tag-cloud-link tag-link-15 tag-link-position-3\" style=\"font-size: 8pt;\" aria-label=\"DUAl-ARM (1 element)\">DUAl-ARM<\/a>\n<a href=\"https:\/\/datastory.agh.edu.pl\/index.php\/tag\/ml\/\" class=\"tag-cloud-link tag-link-16 tag-link-position-4\" style=\"font-size: 8pt;\" aria-label=\"ML (1 element)\">ML<\/a>\n<a href=\"https:\/\/datastory.agh.edu.pl\/index.php\/tag\/pega\/\" class=\"tag-cloud-link tag-link-17 tag-link-position-5\" style=\"font-size: 8pt;\" aria-label=\"Pega (1 element)\">Pega<\/a>\n<a href=\"https:\/\/datastory.agh.edu.pl\/index.php\/tag\/rpa\/\" class=\"tag-cloud-link tag-link-18 tag-link-position-6\" style=\"font-size: 22pt;\" aria-label=\"RPA (2 elementy)\">RPA<\/a>\n<a href=\"https:\/\/datastory.agh.edu.pl\/index.php\/tag\/typescript\/\" class=\"tag-cloud-link tag-link-19 tag-link-position-7\" style=\"font-size: 8pt;\" aria-label=\"Typescript (1 element)\">Typescript<\/a><\/div>\n<\/div><div id=\"meta-1\" class=\"widget widget_meta\"><h2 class=\"widget-title\">Meta<\/h2>\n\t\t<ul>\n\t\t\t\t\t\t<li><a href=\"https:\/\/datastory.agh.edu.pl\/wp-login.php\">Zaloguj si\u0119<\/a><\/li>\n\t\t\t<li><a href=\"https:\/\/datastory.agh.edu.pl\/index.php\/feed\/\">Kana\u0142 wpis\u00f3w<\/a><\/li>\n\t\t\t<li><a href=\"https:\/\/datastory.agh.edu.pl\/index.php\/comments\/feed\/\">Kana\u0142 komentarzy<\/a><\/li>\n\n\t\t\t<li><a href=\"https:\/\/pl.wordpress.org\/\">WordPress.org<\/a><\/li>\n\t\t<\/ul>\n\n\t\t<\/div><div id=\"block-7\" class=\"widget widget_block widget_media_image\"><\/div><div id=\"block-8\" class=\"widget widget_block\">\n<div class=\"wp-block-themepunch-revslider revslider\" data-modal=\"false\" style=\"\"><\/div>\n<\/div><div id=\"block-11\" class=\"widget widget_block\">\n<div class=\"wp-block-media-text is-stacked-on-mobile\"><figure class=\"wp-block-media-text__media\"><\/figure><div class=\"wp-block-media-text__content\">\n<p><\/p>\n<\/div><\/div>\n<\/div>\t\t\t\t<\/div>\n\t\t\t\t<\/div>\n\t\t\t\t\t<\/div>\n\t\t<\/div>\n\t\t\t\t\t<\/div>\n\t\t<\/div>\n\t\t\t\t<\/div>\n\t\t","protected":false},"excerpt":{"rendered":"<p>25Aug admin 1 Comments Robotik Using Webpack with React Typescript It is a long established fact that a reader will be distracted by the readable content of a page when [&hellip;]<\/p>\n","protected":false},"author":1,"featured_media":0,"parent":0,"menu_order":0,"comment_status":"closed","ping_status":"closed","template":"","meta":{"_acf_changed":false,"inline_featured_image":false,"footnotes":""},"class_list":["post-3224","page","type-page","status-publish","hentry"],"acf":[],"_links":{"self":[{"href":"https:\/\/datastory.agh.edu.pl\/index.php\/wp-json\/wp\/v2\/pages\/3224","targetHints":{"allow":["GET"]}}],"collection":[{"href":"https:\/\/datastory.agh.edu.pl\/index.php\/wp-json\/wp\/v2\/pages"}],"about":[{"href":"https:\/\/datastory.agh.edu.pl\/index.php\/wp-json\/wp\/v2\/types\/page"}],"author":[{"embeddable":true,"href":"https:\/\/datastory.agh.edu.pl\/index.php\/wp-json\/wp\/v2\/users\/1"}],"replies":[{"embeddable":true,"href":"https:\/\/datastory.agh.edu.pl\/index.php\/wp-json\/wp\/v2\/comments?post=3224"}],"version-history":[{"count":0,"href":"https:\/\/datastory.agh.edu.pl\/index.php\/wp-json\/wp\/v2\/pages\/3224\/revisions"}],"wp:attachment":[{"href":"https:\/\/datastory.agh.edu.pl\/index.php\/wp-json\/wp\/v2\/media?parent=3224"}],"curies":[{"name":"wp","href":"https:\/\/api.w.org\/{rel}","templated":true}]}}